{"id":9270,"date":"2018-05-24T20:28:04","date_gmt":"2018-05-24T18:28:04","guid":{"rendered":"https:\/\/www.host-fusion.com\/blog\/?page_id=9270"},"modified":"2018-05-25T10:26:11","modified_gmt":"2018-05-25T08:26:11","slug":"avisos-legales","status":"publish","type":"page","link":"https:\/\/www.host-fusion.com\/blog\/avisos-legales\/","title":{"rendered":"Avisos Legales"},"content":{"rendered":"<div id='av_section_1'  class='avia-section av-4d7pfq-a95c060f8dcf97b577f50c5332abbcfb main_color avia-section-default avia-no-border-styling  avia-builder-el-0  el_before_av_section  avia-builder-el-first  avia-bg-style-scroll container_wrap fullsize'  ><div class='container av-section-cont-open' ><main  role=\"main\" itemprop=\"mainContentOfPage\"  class='template-page content  av-content-full alpha units'><div class='post-entry post-entry-type-page post-entry-9270'><div class='entry-content-wrapper clearfix'>\n\n<style type=\"text\/css\" data-created_by=\"avia_inline_auto\" id=\"style-css-av-jhkv9tdf-d29bb4da31578047c8c23d1fce53228d\">\n#top .av-special-heading.av-jhkv9tdf-d29bb4da31578047c8c23d1fce53228d{\npadding-bottom:10px;\nfont-size:50px;\n}\nbody .av-special-heading.av-jhkv9tdf-d29bb4da31578047c8c23d1fce53228d .av-special-heading-tag .heading-char{\nfont-size:25px;\n}\n#top #wrap_all .av-special-heading.av-jhkv9tdf-d29bb4da31578047c8c23d1fce53228d .av-special-heading-tag{\nfont-size:50px;\n}\n.av-special-heading.av-jhkv9tdf-d29bb4da31578047c8c23d1fce53228d .av-subheading{\nfont-size:20px;\n}\n\n@media only screen and (min-width: 480px) and (max-width: 767px){ \n#top #wrap_all .av-special-heading.av-jhkv9tdf-d29bb4da31578047c8c23d1fce53228d .av-special-heading-tag{\nfont-size:0.8em;\n}\n}\n\n@media only screen and (max-width: 479px){ \n#top #wrap_all .av-special-heading.av-jhkv9tdf-d29bb4da31578047c8c23d1fce53228d .av-special-heading-tag{\nfont-size:0.8em;\n}\n}\n<\/style>\n<div  class='av-special-heading av-jhkv9tdf-d29bb4da31578047c8c23d1fce53228d av-special-heading-h3 blockquote modern-quote  avia-builder-el-1  avia-builder-el-no-sibling  av-thin-font av-inherit-size'><h3 class='av-special-heading-tag '  itemprop=\"headline\"  >Avisos <strong>Legales, Protecci\u00f3n de Datos y Cookies<\/strong><\/h3><div class='av-subheading av-subheading_below'><p>Aviso Legal, Pol\u00edtica de Privacidad y Cookies. Contratos<\/p>\n<\/div><div class=\"special-heading-border\"><div class=\"special-heading-inner-border\"><\/div><\/div><\/div>\n\n<\/div><\/div><\/main><!-- close content main element --><\/div><\/div><div id='av_section_2'  class='avia-section av-257ovq-2d84b1b2fe6f8debf4210a448c6fdb04 main_color avia-section-default avia-no-border-styling  avia-builder-el-2  el_after_av_section  avia-builder-el-last  avia-bg-style-scroll container_wrap fullsize'  ><div class='container av-section-cont-open' ><div class='template-page content  av-content-full alpha units'><div class='post-entry post-entry-type-page post-entry-9270'><div class='entry-content-wrapper clearfix'>\n<section  class='av_textblock_section av-jhkvdokb-49f4f39adf669ebd95f2652c2e6a7a54 '   itemscope=\"itemscope\" itemtype=\"https:\/\/schema.org\/CreativeWork\" ><div class='avia_textblock'  itemprop=\"text\" ><h2>Datos identificativos:<\/h2>\n<p>Host-Fusion es una marca registrada de servicios de alojamiento web, Hosting y registro de dominios, dedicada a prestar servicios de Internet a trav\u00e9s de la p\u00e1gina web con URL: www.host-fusion.com, en adelante WEBSITE sobre la que ostenta la titularidad plena. Entre los servicios prestados por Host-Fusion destacan el registro y parking de dominios, y el albergue de p\u00e1ginas Web, entre otras actividades propias de su objeto social.<\/p>\n<p>Que Host-Fusion pertenece a D. Cristina Ca\u00f1izares Alvarez, mayor de edad, nacionalidad espa\u00f1ola y con NIF 00819203-N, a partir de ahora Host-Fusion. , con domicilio social en C\/ Arcipreste de Hita n\u00ba2, Esc. D, Planta 2, Pta. F 28220 Majadahonda, Madrid, Telefono 656590805 \u2013 e-mail info @ host-fusion.com, web www.host-fusion.com.<\/p>\n<h2>Informaci\u00f3n sobre Protecci\u00f3n de datos:<\/h2>\n<p><strong>\u00bfQui\u00e9n es el responsable de sus datos?<\/strong><br \/>\nDe acuerdo con lo establecido por el Reglamento (UE) 2016\/679 del Parlamento Europeo y del Consejo, le informamos que los datos personales aportados ser\u00e1n tratados por CRISTINA CA\u00d1IZARES \u00c1LVAREZ con CIF 00819203N y domicilio en C\/ Arcipreste de hita 2, Esc. Izquierda, 2F &#8211; 28220, Majadahonda (Madrid).<\/p>\n<p><strong>\u00bfCon qu\u00e9 finalidad tratamos sus datos personales?<\/strong><br \/>\nLos datos aportados por usted son necesarios para poder prestarle con todas las garant\u00edas el servicio solicitado, y ser\u00e1n tratados con las siguientes finalidades: Gesti\u00f3n de clientes, contable, fiscal y administrativa.<\/p>\n<p><strong>\u00bfPor cu\u00e1nto tiempo conservaremos sus datos?<\/strong><br \/>\nLos datos personales proporcionados se conservar\u00e1n hasta la finalizaci\u00f3n de la relaci\u00f3n contractual y posteriormente, durante los plazos legalmente exigidos.<\/p>\n<p><strong>\u00bfCu\u00e1l es la legitimaci\u00f3n para el tratamiento de sus datos?<\/strong><br \/>\nLos intereses leg\u00edtimos del responsable del tratamiento para realizar el tratamiento de sus datos son: La base legal para el tratamiento de sus datos es la ejecuci\u00f3n del contrato suscrito con nosotros.<\/p>\n<p><strong>\u00bfA qu\u00e9 destinatarios se comunicar\u00e1n sus datos?<\/strong><br \/>\nPara cumplir con las finalidades previstas, sus datos podr\u00e1n ser comunicados a: Administraci\u00f3n tributaria y Administraci\u00f3n p\u00fablica con competencia en la materia.<\/p>\n<p><strong>\u00bfCu\u00e1les son sus derechos cuando nos facilita sus datos?<\/strong><br \/>\nCualquier persona tiene derecho a solicitar el acceso, rectificaci\u00f3n, supresi\u00f3n, limitaci\u00f3n del tratamiento, oposici\u00f3n o derecho a la portabilidad de sus datos personales, escribi\u00e9ndonos a nuestra direcci\u00f3n arriba indicada, o enviando un correo electr\u00f3nico a info @ host-fusion .com, indicando el derecho que desea ejercer.<\/p>\n<p>Tendr\u00e1 derecho igualmente a retirar el consentimiento prestado en cualquier momento. La retirada del consentimiento no afectar\u00e1 a la licitud del tratamiento efectuado antes de la retirada de dicho consentimiento.<\/p>\n<p>Tiene derecho a presentar una reclamaci\u00f3n ante la autoridad de control si considera que pueden haber sido vulnerados sus derechos en lo concerniente a la protecci\u00f3n de sus datos personales.<\/p>\n<h2>Encargados de tratamiento externos a HOST-FUSION:<\/h2>\n<ul>\n<li>Jimenez Navas Ronda S.L., CIF: B92244722, Plaza de la Iglesia 3,1B, 29670 San Pedro de Alc\u00e1ntara, Marbella, M\u00e1laga, que proporciona servicios de Gestoria Administrativa, contable y Fiscal.<\/li>\n<li>Tecnocr\u00e1tica Centro de Datos SL, CIF: B86333523, Calle Salvatierra, 4, 3\u00baD, 28034 Madrid, que proporciona servicios de registro de dominios.<\/li>\n<li>HEXONET GmbH, CIF: DE-138316882, Talstra\u00dfe 27, 66424 Hamburgo, que propociona servicios de registro de dominios.<\/li>\n<\/ul>\n<h2>Host-Fusion, en cumplimiento de la LSSI informa:<\/h2>\n<p>Host-Fusion.com tiene ubicados sus servidores en Centros de Datos en Espa\u00f1a para servicios de Hosting Compartido, Servidores Dedicados y \u00a0VPS Servidores Privados Virtuales, BitNAP, que cumplen estrictamente con las obligaciones requeridas por la AEPD Agencia Espa\u00f1ola de Protecci\u00f3n de datos en materia de Protecci\u00f3n de datos y adaptados a la nueva Normativa Europea en Protecci\u00f3n de datos Personales.<\/p>\n<p>Que el cliente al realizar una compra en nuestra web y aceptar el Contrato de compra electr\u00f3nico a trav\u00e9s de nuestra p\u00e1gina web en el que tiene que aceptar (Yo he le\u00eddo y estoy de acuerdo con los\u00a0<a href=\"https:\/\/www.host-fusion.com\/avisos-legales\/\" target=\"_blank\" rel=\"noopener\">T\u00e9rminos del Servicio y Condiciones de Uso<\/a>), entiende, acepta y da su consentimiento inequ\u00edvoco.<\/p>\n<p>Que el cliente al aceptar el Contrato de compra electr\u00f3nico a trav\u00e9s de nuestra p\u00e1gina web, entiende y acepta que se le informa correctamente y da su consentimiento inequ\u00edvoco. Que estos datos se encuentran protegidos en nuestros servidores por sistemas de seguridad para ofrecerle absoluta confidencialidad y privacidad. Nuestros centros de datos se proveen de ingenieros expertos y apoyan a nuestros t\u00e9cnicos 24 horas al d\u00eda, cada d\u00eda del a\u00f1o.<\/p>\n<h2>Seguridad y Confidencialidad.<\/h2>\n<p>Host-Fusion asegura la absoluta confidencialidad y privacidad de los datos personales recogidos y por ello se han adoptado medidas de seguridad para evitar la alteraci\u00f3n, perdida, tratamiento o acceso no autorizado y garantizar as\u00ed su integridad y seguridad. Que Host-Fusion realiza auditorias internas de sus sistemas.<\/p>\n<h2>Propiedad Intelectual e Industrial<\/h2>\n<p>Host-Fusion es una marca registrada. Queda prohibida la utilizaci\u00f3n ajena por cualquier medio de la marca de Host-Fusion, que incluye tanto el nombre como el logotipo, salvo consentimiento expreso de Host-Fusion. Quedan reservados todos los derechos.<\/p>\n<p>El presente sitio web, incluyendo a t\u00edtulo enunciativo pero no limitativo su programaci\u00f3n, edici\u00f3n, compilaci\u00f3n, dise\u00f1os, logotipos, texto y\/o gr\u00e1ficos, son propiedad del responsable del sitio web, encontr\u00e1ndose protegidos por la normativa nacional e internacional sobre propiedad intelectual e industrial. El acceso por parte del usuario al sitio web no le otorga ning\u00fan derecho de propiedad sobre los mismos.<\/p>\n<p>Todos los contenidos del sitio web se encuentran debidamente protegidos por la normativa de propiedad intelectual e industrial, as\u00ed como inscritos en los registros p\u00fablicos correspondientes.<\/p>\n<p>Independientemente de la finalidad para la que fueran destinados, la reproducci\u00f3n total o parcial, uso, explotaci\u00f3n, distribuci\u00f3n y comercializaci\u00f3n, requiere en todo caso de la autorizaci\u00f3n escrita previa por parte del prestador. Cualquier uso no autorizado previamente por parte del prestador ser\u00e1 considerado un incumplimiento grave de los derechos de propiedad intelectual o industrial del autor.<\/p>\n<p>Los dise\u00f1os, logotipos, texto y\/o gr\u00e1ficos ajenos al prestador y que pudieran aparecer en el sitio web, pertenecen a sus respectivos propietarios, siendo ellos mismos responsables de cualquier posible controversia que pudiera suscitarse respecto a los mismos. El prestador reconoce a favor de sus titulares los correspondientes derechos de propiedad industrial e intelectual, no implicando su sola menci\u00f3n o aparici\u00f3n en el sitio web la existencia de derechos o responsabilidad alguna del prestador sobre los mismos, como tampoco respaldo, patrocinio o recomendaci\u00f3n por parte del mismo.<\/p>\n<p>Para realizar cualquier tipo de observaci\u00f3n respecto a posibles incumplimientos de los derechos de propiedad intelectual o industrial, as\u00ed como sobre cualquiera de los contenidos del sitio web, puede hacerlo a trav\u00e9s del siguiente correo electr\u00f3nico info @ host-fusion .com.<\/p>\n<h2>Cambios en la Pol\u00edtica de Privacidad.<\/h2>\n<p>Host-Fusion se reserva el derecho de modificaci\u00f3n se sus pol\u00edticas de privacidad para adaptaciones legales . Host-Fusion informar\u00e1 en esta p\u00e1gina los cambios introducidos con antelaci\u00f3n a su puesta en pr\u00e1ctica.<\/p>\n<h2>C\u00f3digo de Conducta.<\/h2>\n<p>Se proh\u00edbe el uso del servicio contrario a la buena fe y, en particular, de forma no exhaustiva:<\/p>\n<p>\u2013 La utilizaci\u00f3n que resulte contraria a las leyes espa\u00f1olas o que infrinja los derechos de terceros.<\/p>\n<p>\u2013 La publicaci\u00f3n o la transmisi\u00f3n de cualquier contenido que, a juicio de Host-Fusion, resulte violento, obsceno, abusivo, ilegal, racial, xen\u00f3fobo o difamatorio.<\/p>\n<p>\u2013 Los cracks, n\u00fameros de serie de programas o cualquier otro contenido que vulnere derechos de propiedad intelectual.<\/p>\n<p>\u2013 La recogida y\/o utilizaci\u00f3n de datos personales de otros usuarios contraviniendo lo dispuesto en la Ley Org\u00e1nica de Protecci\u00f3n de Datos de Car\u00e1cter Personal.<\/p>\n<p>\u2013 La utilizaci\u00f3n de las direcciones de correo electr\u00f3nico con fines del llamado spamming (env\u00edo de correo masivo no solicitado, de tipo comercial o de cualquier otra naturaleza) as\u00ed como el env\u00edo de grandes mensajes con el fin de bloquear un servidor.<\/p>\n<p>\u2013 Publicitar los sitios web hospedados en el servicio mediante el env\u00edo masivo de correo no solicitado, aunque no se utilice para ello los recursos proporcionados en el servicio. Spamming. Host-Fusion es contrario al spamming y nunca lo realizara tampoco permitira su uso por los usuarios del sitio web. +info: http:\/\/spam.abuse.net.<\/p>\n<h2>Menores de edad.<\/h2>\n<p>Los menores de edad deben solicitar y obtener el permiso de sus padres, del tutor o del representante legal antes de poder acceder a los servicios y\/o contenidos de Host-Fusion. Queda prohibido el acceso y uso del \u00e1rea de cliente y contrataci\u00f3n de servicios a los menores de edad no autorizados.<\/p>\n<p>Host-Fusion recuerda a los usuarios mayores de edad que tengan a su cargo menores, que ser\u00e1 de su exclusiva responsabilidad determinar qu\u00e9 servicios y\/o contenidos son o no apropiados para la edad de estos \u00faltimos.<\/p>\n<p>Host-Fusion informa que existen programas inform\u00e1ticos que permiten filtrar y bloquear el acceso a determinados contenidos y servicios, de tal forma que los padres o tutores pueden decidir cu\u00e1les son los contenidos y servicios a los que sus tutelados pueden tener acceso y cu\u00e1les no.<\/p>\n<h2><strong>Informaci\u00f3n sobre Cookies y uso por parte de Host-Fusion.Com<\/strong>.<\/h2>\n<p>El sitio web del prestador puede utilizar cookies (peque\u00f1os archivos de informaci\u00f3n que el servidor env\u00eda al ordenador de quien accede a la p\u00e1gina con la finalidad de registrar las actividades del usuario durante su tiempo de navegaci\u00f3n) para llevar a cabo determinadas funciones que son consideradas imprescindibles para el correcto funcionamiento y visualizaci\u00f3n del sitio. Las cookies utilizadas en el sitio web tienen, en todo caso, car\u00e1cter temporal con la \u00fanica finalidad de hacer m\u00e1s eficaz su transmisi\u00f3n ulterior y desaparecen al terminar la sesi\u00f3n del usuario.<\/p>\n<p>En ning\u00fan caso se utilizar\u00e1n las cookies para recoger informaci\u00f3n de car\u00e1cter personal.<\/p>\n<p>El usuario tiene la posibilidad de configurar su navegador para ser avisado de la recepci\u00f3n de cookies y para impedir su instalaci\u00f3n en su equipo. Por favor, consulte las instrucciones y manuales de su navegador para ampliar esta informaci\u00f3n.<\/p>\n<p>\u2013\u00a0<a href=\"http:\/\/support.google.com\/chrome\/answer\/95647?hl=es\" target=\"_blank\" rel=\"noopener\">Chrome<\/a><\/p>\n<p>\u2013\u00a0<a href=\"http:\/\/support.mozilla.org\/es\/kb\/habilitar-y-deshabilitar-cookies-que-los-sitios-we\" target=\"_blank\" rel=\"noopener\">Firefox<\/a><\/p>\n<p>\u2013\u00a0<a href=\"http:\/\/windows.microsoft.com\/es-es\/windows7\/how-to-manage-cookies-in-internet-explorer-9\" target=\"_blank\" rel=\"noopener\">Explorer<\/a><\/p>\n<p>\u2013\u00a0<a href=\"http:\/\/support.apple.com\/kb\/ph5042\" target=\"_blank\" rel=\"noopener\">Safari<\/a><\/p>\n<p>Mediante el uso de las cookies resulta posible que el servidor donde se encuentra la web, reconozca el navegador web utilizado por el usuario con la finalidad de que la navegaci\u00f3n sea m\u00e1s sencilla, permitiendo, por ejemplo, el acceso a los usuarios que se hayan registrado previamente, acceder a las \u00e1reas, servicios, promociones o concursos reservados exclusivamente a ellos sin tener que registrarse en cada visita.<\/p>\n<p>Se utilizan tambi\u00e9n para medir la audiencia y par\u00e1metros del tr\u00e1fico, controlar el progreso y n\u00famero de entradas.<\/p>\n<p>Cookies Google Analytics y Google<\/p>\n<p>__utma<\/p>\n<p>__utmb<\/p>\n<p>__utmc<\/p>\n<p>__utmz<\/p>\n<p>_ga<\/p>\n<p>_gid<\/p>\n<p>_cfduid<\/p>\n<p>Recopila informaci\u00f3n siempre an\u00f3nima sobre la navegaci\u00f3n de los usuarios por nuestro sitio web con el fin de conocer el origen de las visitas y otros datos estad\u00edsticos similares, no recopila informaci\u00f3n privada o personal del usuario.<\/p>\n<p>\u2013\u00a0<a href=\"http:\/\/www.google.com\/intl\/es_ALL\/privacypolicy.html\" target=\"_blank\" rel=\"noopener\">Pol\u00edtica de privacidad Google<\/a><\/p>\n<p>\u2013<a href=\"http:\/\/tools.google.com\/dlpage\/gaoptout?hl=es\" target=\"_blank\" rel=\"noopener\">Complemento de inhabilitaci\u00f3n de Google Analytics<\/a><\/p>\n<p>Host-Fusion.Com<\/p>\n<p>PHPSESSID<\/p>\n<p>Permite al usuario visualizar la p\u00e1gina e interactuar en nuestro sitio web<\/p>\n<p>Automattic, Quantcast<\/p>\n<p>__qta<\/p>\n<p>mc<\/p>\n<p>Recopila informaci\u00f3n siempre an\u00f3nima sobre la navegaci\u00f3n de los usuarios por el sitio web con el fin de conocer el origen de las visitas y otros datos estad\u00edsticos similares, no recopila informaci\u00f3n privada o personal del usuario.<\/p>\n<p>\u2013\u00a0<a href=\"https:\/\/www.quantcast.com\/how-we-do-it\/consumer-choice\/privacy-policy\/\" target=\"_blank\" rel=\"noopener\">Pol\u00edtica de privacidad de Quantcast<\/a><\/p>\n<p>Widget de chat y mensajes online Tawk<\/p>\n<p>Tawk es una aplicaci\u00f3n de chat\u00a0 que permite a los\u00a0 visitantes de la web chatear con nuestros t\u00e9cnicos y comerciales, para proporcionar soporte en directo o informaci\u00f3n comercial solicitada por el visitante sobre nuestros servicios. As\u00ed mismo nos permite monitorizar las visitas a nuestra web para mejorar la experiencia del usuario.<\/p>\n<p>Twakconnectiontime<\/p>\n<p>_twakuuid<\/p>\n<p>ss<\/p>\n<p>M\u00e1s informaci\u00f3n sobre Tawk en su p\u00e1gina de <a href=\"https:\/\/www.tawk.to\/data-protection\/gdpr\/\" target=\"_blank\" rel=\"noopener\">Pol\u00edtica de privacidad y cookies<\/a>.<\/p>\n<p>Web Beacons<\/p>\n<p>Este sitio puede albergar web beacons (web bugs). Los web beacons suelen ser peque\u00f1as im\u00e1genes de un pixel por un pixel, visibles o invisibles colocados dentro del c\u00f3digo fuente de las p\u00e1ginas web de un sitio. Los web beacons sirven y se utilizan de una forma similar a las cookies. Adem\u00e1s, los web beacons suelen utilizarse para medir el tr\u00e1fico de usuarios que visitan una p\u00e1gina web y poder sacar un patr\u00f3n de los usuarios de un sitio.<\/p>\n<p>\u2013\u00a0<a href=\"http:\/\/es.wikipedia.org\/wiki\/Web_bug\" target=\"_blank\" rel=\"noopener\">Dispone de m\u00e1s informaci\u00f3n sobre los web beacons en Wikipedia<\/a><\/p>\n<p>Social Media<\/p>\n<p>Facebook, Twitter y otras Redes Sociales necesitan utilizar cookies para reconocerte.<\/p>\n<p>Facebook Remarketing<\/p>\n<p>El remarketing y las audiencias similares permite ayudar a los usuarios que han visitado nuestra web anteriormente o han abandonado un proceso de compra, instalando una cookie de Facebook (fr) almacenando informaci\u00f3n de las p\u00e1ginas que ha visitado. Una vez el visitante ha abandonado nuestra web, esta permanece en el navegador del visitante.<\/p>\n<p>M\u00e1s informaci\u00f3n sobre la cookie de Facebook en su p\u00e1gina de <a href=\"https:\/\/www.facebook.com\/help\/cookies?ref_type=sitefooter\" target=\"_blank\" rel=\"noopener\">Pol\u00edtica de privacidad y uso de cookies<\/a>.<\/p>\n<p>M\u00e1s informaci\u00f3n sobre las cookies de Twitter en su p\u00e1gina de <a href=\"https:\/\/twitter.com\/privacy\" target=\"_blank\" rel=\"noopener\">Pol\u00edtica de privacidad y uso de cookies<\/a>.<\/p>\n<p>M\u00e1s informaci\u00f3n sobre las cookies de Pinteres en su p\u00e1gina de <a href=\"https:\/\/about.pinterest.com\/es\/privacy-policy\" target=\"_blank\" rel=\"noopener\">Pol\u00edtica de privacidad y uso de cookies<\/a>.<\/p>\n<p>M\u00e1s informaci\u00f3n sobre las cookies de Linkedin en su p\u00e1gina de <a href=\"https:\/\/www.linkedin.com\/legal\/privacy-policy?_l=es_ES\" target=\"_blank\" rel=\"noopener\">Pol\u00edtica de privacidad y uso de cookies<\/a>.<\/p>\n<p>M\u00e1s informaci\u00f3n sobre las coolies de G+ en su p\u00e1gina de <a href=\"http:\/\/www.google.com\/intl\/es\/policies\/technologies\/types\/\" target=\"_blank\" rel=\"noopener\">Pol\u00edtica de privacidad y uso de cookies<\/a>.<\/p>\n<h2><strong>Contratos<\/strong>.<\/h2>\n<p>\u2013\u00a0<a href=\"https:\/\/www.host-fusion.com\/CONTRATOHOSTINGCOMPARTIDO.pdf\" target=\"_blank\" rel=\"noopener\">Contrato Hosting Compartido<\/a><\/p>\n<p>\u2013\u00a0<a href=\"https:\/\/www.host-fusion.com\/CONTRATORESELLERHOSTING.pdf\" target=\"_blank\" rel=\"noopener\">Contrato Reseller Hosting Compartido<\/a><\/p>\n<p>\u2013\u00a0<a href=\"https:\/\/www.host-fusion.com\/CONTRATOSERVIDORDEDICADO.pdf\" target=\"_blank\" rel=\"noopener\">Contrato Servidor Dedicado<\/a><\/p>\n<p>\u2013\u00a0<a href=\"https:\/\/www.host-fusion.com\/CONTRATOVPS.pdf\" target=\"_blank\" rel=\"noopener\">Contrato Servidor Cloud VPS<\/a><\/p>\n<h2>Ley aplicable y Jurisdicci\u00f3n<\/h2>\n<p>Para la resoluci\u00f3n de todas las controversias o cuestiones relacionadas con el presente sitio web o de las actividades en \u00e9l desarrolladas, ser\u00e1 de aplicaci\u00f3n la legislaci\u00f3n espa\u00f1ola, a la que se someten expresamente las partes, siendo competentes para la resoluci\u00f3n de todos los conflictos derivados o relacionados con su uso los Juzgados y Tribunales de Madrid.<\/p>\n<p>En caso de que cualquier cl\u00e1usula del presente documento sea declarada nula, las dem\u00e1s cl\u00e1usulas seguir\u00e1n vigentes y se interpretar\u00e1n teniendo en cuenta la voluntad de las partes y la finalidad misma de las presentes condiciones. Host-Fusion podr\u00e1 no ejercitar alguno de los derechos y facultades conferidos en este documento lo que no implicar\u00e1 en ning\u00fan caso la renuncia a los mismos salvo reconocimiento expreso por parte de Host-Fusion.<\/p>\n<p>Documento revisado el 22 de Mayo de 2018.<\/p>\n<\/div><\/section>\n\n","protected":false},"excerpt":{"rendered":"","protected":false},"author":4,"featured_media":0,"parent":0,"menu_order":0,"comment_status":"closed","ping_status":"closed","template":"","meta":{"footnotes":""},"class_list":["post-9270","page","type-page","status-publish","hentry"],"aioseo_notices":[],"_links":{"self":[{"href":"https:\/\/www.host-fusion.com\/blog\/wp-json\/wp\/v2\/pages\/9270","targetHints":{"allow":["GET"]}}],"collection":[{"href":"https:\/\/www.host-fusion.com\/blog\/wp-json\/wp\/v2\/pages"}],"about":[{"href":"https:\/\/www.host-fusion.com\/blog\/wp-json\/wp\/v2\/types\/page"}],"author":[{"embeddable":true,"href":"https:\/\/www.host-fusion.com\/blog\/wp-json\/wp\/v2\/users\/4"}],"replies":[{"embeddable":true,"href":"https:\/\/www.host-fusion.com\/blog\/wp-json\/wp\/v2\/comments?post=9270"}],"version-history":[{"count":0,"href":"https:\/\/www.host-fusion.com\/blog\/wp-json\/wp\/v2\/pages\/9270\/revisions"}],"wp:attachment":[{"href":"https:\/\/www.host-fusion.com\/blog\/wp-json\/wp\/v2\/media?parent=9270"}],"curies":[{"name":"wp","href":"https:\/\/api.w.org\/{rel}","templated":true}]}}